{"id":1343,"date":"2025-05-23T08:56:54","date_gmt":"2025-05-23T06:56:54","guid":{"rendered":"https:\/\/hak-feldkirch.at\/cms\/?page_id=1343"},"modified":"2025-06-02T17:55:16","modified_gmt":"2025-06-02T15:55:16","slug":"impressum","status":"publish","type":"page","link":"https:\/\/hak-feldkirch.at\/cms\/impressum\/","title":{"rendered":"Impressum"},"content":{"rendered":"\t\t<div data-elementor-type=\"wp-page\" data-elementor-id=\"1343\" class=\"elementor elementor-1343\" data-elementor-post-type=\"page\">\n\t\t\t\t<div class=\"elementor-element elementor-element-cbb421a e-con-full e-flex wpr-particle-no wpr-jarallax-no wpr-parallax-no wpr-sticky-section-no wpr-equal-height-no e-con e-parent\" data-id=\"cbb421a\" data-element_type=\"container\" data-e-type=\"container\" data-settings=\"{&quot;background_background&quot;:&quot;classic&quot;,&quot;background_motion_fx_motion_fx_scrolling&quot;:&quot;yes&quot;,&quot;background_motion_fx_devices&quot;:[&quot;desktop&quot;,&quot;laptop&quot;,&quot;tablet&quot;,&quot;mobile&quot;]}\">\n\t\t\t\t<div class=\"elementor-element elementor-element-4dbdb9d elementor-widget elementor-widget-heading\" data-id=\"4dbdb9d\" data-element_type=\"widget\" data-e-type=\"widget\" data-widget_type=\"heading.default\">\n\t\t\t\t<div class=\"elementor-widget-container\">\n\t\t\t\t\t<h2 class=\"elementor-heading-title elementor-size-default\">Impressum<\/h2>\t\t\t\t<\/div>\n\t\t\t\t<\/div>\n\t\t\t\t<\/div>\n\t\t<div class=\"elementor-element elementor-element-1ec9c12c e-flex e-con-boxed wpr-particle-no wpr-jarallax-no wpr-parallax-no wpr-sticky-section-no wpr-equal-height-no e-con e-parent\" data-id=\"1ec9c12c\" data-element_type=\"container\" data-e-type=\"container\">\n\t\t\t\t\t<div class=\"e-con-inner\">\n\t\t\t\t<div class=\"elementor-element elementor-element-117227a5 elementor-widget elementor-widget-text-editor\" data-id=\"117227a5\" data-element_type=\"widget\" data-e-type=\"widget\" data-widget_type=\"text-editor.default\">\n\t\t\t\t<div class=\"elementor-widget-container\">\n\t\t\t\t\t\t\t\t\t\n<p><strong>Angaben gem\u00e4\u00df den gesetzlichen Vorschriften:<\/strong><\/p>\n\n<p><strong>HAK Feldkirch<\/strong> Schillerstra\u00dfe 7b, 6800 Feldkirch \u00d6sterreich<\/p>\n\n<p><strong>Kontakt:<\/strong> Telefon: +43-5522-73047-0 E-Mail: hak.feldkirch@cnv.at Website: https:\/\/hak-feldkirch.at<\/p>\n\n<p><strong>Vertretungsberechtigter:<\/strong> Michael Weber<\/p>\n\n<p><strong>Haftungsausschluss (Disclaimer):<\/strong><\/p>\n\n<p><em>Inhaltliche Verantwortung<\/em> Die Inhalte dieser Website wurden mit gr\u00f6\u00dftm\u00f6glicher Sorgfalt erstellt. F\u00fcr die Richtigkeit, Vollst\u00e4ndigkeit und Aktualit\u00e4t der Inhalte \u00fcbernehmen wir jedoch keine Gew\u00e4hr. Als Diensteanbieter sind wir gem\u00e4\u00df den geltenden Gesetzen f\u00fcr eigene Inhalte auf diesen Seiten verantwortlich. Eine Haftung f\u00fcr externe Links auf fremde Webseiten besteht grunds\u00e4tzlich nicht, da sich deren Inhalte au\u00dferhalb unseres Verantwortungsbereichs befinden.<\/p>\n\n<p><em>Urheberrecht<\/em> Die durch die HAK Feldkirch erstellten Inhalte und Werke auf dieser Website unterliegen dem \u00f6sterreichischen Urheberrecht. Jegliche Vervielf\u00e4ltigung, Bearbeitung, Verbreitung und jede Art der Verwertung au\u00dferhalb der Grenzen des Urheberrechts bed\u00fcrfen unserer schriftlichen Zustimmung.<\/p>\n\n<h2 class=\"wp-block-heading\">Nutzung von Cookies<\/h2>\n\n<p>Unsere Website verwendet Cookies, um die Benutzerfreundlichkeit zu verbessern und anonymisierte Statistiken \u00fcber die Nutzung unserer Seite zu erstellen. Mit Hilfe der Cookies k\u00f6nnen wir Funktionen anbieten, die den Komfort und die Sicherheit unserer Besucher erh\u00f6hen. Detaillierte Informationen hierzu finden Sie in unserer<a href=\"https:\/\/hak-feldkirch.at\/cms\/datenschutzerklaerung\/\" data-type=\"page\" data-id=\"3\"> Datenschutzerkl\u00e4rung.<\/a><\/p>\n\t\t\t\t\t\t\t\t<\/div>\n\t\t\t\t<\/div>\n\t\t\t\t\t<\/div>\n\t\t\t\t<\/div>\n\t\t\t\t<\/div>\n\t\t","protected":false},"excerpt":{"rendered":"<p>Impressum Angaben gem\u00e4\u00df den gesetzlichen Vorschriften: HAK Feldkirch Schillerstra\u00dfe 7b, 6800 Feldkirch \u00d6sterreich Kontakt: Telefon: +43-5522-73047-0 E-Mail: hak.feldkirch@cnv.at Website: https:\/\/hak-feldkirch.at Vertretungsberechtigter: Michael Weber Haftungsausschluss (Disclaimer): Inhaltliche Verantwortung Die Inhalte dieser Website wurden mit gr\u00f6\u00dftm\u00f6glicher Sorgfalt erstellt. F\u00fcr die Richtigkeit, Vollst\u00e4ndigkeit und Aktualit\u00e4t der Inhalte \u00fcbernehmen wir jedoch keine Gew\u00e4hr. Als Diensteanbieter sind wir gem\u00e4\u00df den geltenden Gesetzen f\u00fcr eigene Inhalte auf diesen Seiten verantwortlich. Eine Haftung f\u00fcr externe Links auf fremde Webseiten besteht grunds\u00e4tzlich nicht, da sich deren Inhalte au\u00dferhalb unseres Verantwortungsbereichs befinden. Urheberrecht Die durch die HAK Feldkirch erstellten Inhalte und Werke auf dieser Website unterliegen dem \u00f6sterreichischen Urheberrecht. Jegliche Vervielf\u00e4ltigung, Bearbeitung, Verbreitung und jede Art der Verwertung au\u00dferhalb der Grenzen des Urheberrechts bed\u00fcrfen unserer schriftlichen Zustimmung. Nutzung von Cookies Unsere Website verwendet Cookies, um die Benutzerfreundlichkeit zu verbessern und anonymisierte Statistiken \u00fcber die Nutzung unserer Seite zu erstellen. Mit Hilfe der Cookies k\u00f6nnen wir Funktionen anbieten, die den Komfort und die Sicherheit unserer Besucher erh\u00f6hen. Detaillierte Informationen hierzu finden Sie in unserer Datenschutzerkl\u00e4rung.<\/p>\n","protected":false},"author":1,"featured_media":0,"parent":0,"menu_order":0,"comment_status":"closed","ping_status":"closed","template":"","meta":{"footnotes":""},"class_list":["post-1343","page","type-page","status-publish","hentry"],"yoast_head":"<!-- This site is optimized with the Yoast SEO plugin v27.4 - https:\/\/yoast.com\/product\/yoast-seo-wordpress\/ -->\n<title>Impressum &#8212; hak has fk<\/title>\n<meta name=\"description\" content=\"Handelsakademie Feldkirch \u2013 Deine Zukunft beginnt hier! Die HAK Feldkirch bietet eine erstklassige wirtschaftliche Ausbildung mit modernen Schwerpunkten wie Digital Business, JusHAK und futureHAK.\" \/>\n<meta name=\"robots\" content=\"index, follow, max-snippet:-1, max-image-preview:large, max-video-preview:-1\" \/>\n<link rel=\"canonical\" href=\"https:\/\/hak-feldkirch.at\/cms\/impressum\/\" \/>\n<meta property=\"og:locale\" content=\"de_DE\" \/>\n<meta property=\"og:type\" content=\"article\" \/>\n<meta property=\"og:title\" content=\"Impressum &#8212; hak has fk\" \/>\n<meta property=\"og:description\" content=\"Handelsakademie Feldkirch \u2013 Deine Zukunft beginnt hier! Die HAK Feldkirch bietet eine erstklassige wirtschaftliche Ausbildung mit modernen Schwerpunkten wie Digital Business, JusHAK und futureHAK.\" \/>\n<meta property=\"og:url\" content=\"https:\/\/hak-feldkirch.at\/cms\/impressum\/\" \/>\n<meta property=\"og:site_name\" content=\"hak has fk\" \/>\n<meta property=\"article:publisher\" content=\"https:\/\/www.facebook.com\/hakhasfeldkirch\" \/>\n<meta property=\"article:modified_time\" content=\"2025-06-02T15:55:16+00:00\" \/>\n<meta property=\"og:image\" content=\"https:\/\/hak-feldkirch.at\/cms\/wp-content\/uploads\/2025\/05\/header-1024x557.png\" \/>\n\t<meta property=\"og:image:width\" content=\"1024\" \/>\n\t<meta property=\"og:image:height\" content=\"557\" \/>\n\t<meta property=\"og:image:type\" content=\"image\/png\" \/>\n<meta name=\"twitter:card\" content=\"summary_large_image\" \/>\n<meta name=\"twitter:label1\" content=\"Gesch\u00e4tzte Lesezeit\" \/>\n\t<meta name=\"twitter:data1\" content=\"1 Minute\" \/>\n<script type=\"application\/ld+json\" class=\"yoast-schema-graph\">{\"@context\":\"https:\\\/\\\/schema.org\",\"@graph\":[{\"@type\":\"WebPage\",\"@id\":\"https:\\\/\\\/hak-feldkirch.at\\\/cms\\\/impressum\\\/\",\"url\":\"https:\\\/\\\/hak-feldkirch.at\\\/cms\\\/impressum\\\/\",\"name\":\"Impressum &#8212; hak has fk\",\"isPartOf\":{\"@id\":\"https:\\\/\\\/hak-feldkirch.at\\\/cms\\\/#website\"},\"datePublished\":\"2025-05-23T06:56:54+00:00\",\"dateModified\":\"2025-06-02T15:55:16+00:00\",\"description\":\"Handelsakademie Feldkirch \u2013 Deine Zukunft beginnt hier! Die HAK Feldkirch bietet eine erstklassige wirtschaftliche Ausbildung mit modernen Schwerpunkten wie Digital Business, JusHAK und futureHAK.\",\"breadcrumb\":{\"@id\":\"https:\\\/\\\/hak-feldkirch.at\\\/cms\\\/impressum\\\/#breadcrumb\"},\"inLanguage\":\"de-AT\",\"potentialAction\":[{\"@type\":\"ReadAction\",\"target\":[\"https:\\\/\\\/hak-feldkirch.at\\\/cms\\\/impressum\\\/\"]}]},{\"@type\":\"BreadcrumbList\",\"@id\":\"https:\\\/\\\/hak-feldkirch.at\\\/cms\\\/impressum\\\/#breadcrumb\",\"itemListElement\":[{\"@type\":\"ListItem\",\"position\":1,\"name\":\"Startseite\",\"item\":\"https:\\\/\\\/hak-feldkirch.at\\\/cms\\\/\"},{\"@type\":\"ListItem\",\"position\":2,\"name\":\"Impressum\"}]},{\"@type\":\"WebSite\",\"@id\":\"https:\\\/\\\/hak-feldkirch.at\\\/cms\\\/#website\",\"url\":\"https:\\\/\\\/hak-feldkirch.at\\\/cms\\\/\",\"name\":\"Handesakademie Feldkirch\",\"description\":\"Wirtschaftskompetenz. Zukunftsperspektiven. Erfolgsgeschichten.\",\"publisher\":{\"@id\":\"https:\\\/\\\/hak-feldkirch.at\\\/cms\\\/#organization\"},\"alternateName\":\"hak has fk\",\"potentialAction\":[{\"@type\":\"SearchAction\",\"target\":{\"@type\":\"EntryPoint\",\"urlTemplate\":\"https:\\\/\\\/hak-feldkirch.at\\\/cms\\\/?s={search_term_string}\"},\"query-input\":{\"@type\":\"PropertyValueSpecification\",\"valueRequired\":true,\"valueName\":\"search_term_string\"}}],\"inLanguage\":\"de-AT\"},{\"@type\":\"Organization\",\"@id\":\"https:\\\/\\\/hak-feldkirch.at\\\/cms\\\/#organization\",\"name\":\"hak has fk\",\"alternateName\":\"HAK Feldkirch\",\"url\":\"https:\\\/\\\/hak-feldkirch.at\\\/cms\\\/\",\"logo\":{\"@type\":\"ImageObject\",\"inLanguage\":\"de-AT\",\"@id\":\"https:\\\/\\\/hak-feldkirch.at\\\/cms\\\/#\\\/schema\\\/logo\\\/image\\\/\",\"url\":\"https:\\\/\\\/hak-feldkirch.at\\\/cms\\\/wp-content\\\/uploads\\\/2025\\\/05\\\/HAK_FC__green.svg\",\"contentUrl\":\"https:\\\/\\\/hak-feldkirch.at\\\/cms\\\/wp-content\\\/uploads\\\/2025\\\/05\\\/HAK_FC__green.svg\",\"width\":612,\"height\":792,\"caption\":\"hak has fk\"},\"image\":{\"@id\":\"https:\\\/\\\/hak-feldkirch.at\\\/cms\\\/#\\\/schema\\\/logo\\\/image\\\/\"},\"sameAs\":[\"https:\\\/\\\/www.facebook.com\\\/hakhasfeldkirch\",\"https:\\\/\\\/www.instagram.com\\\/hakhasfk\",\"https:\\\/\\\/www.tiktok.com\\\/@hakhasfk\"]}]}<\/script>\n<!-- \/ Yoast SEO plugin. -->","yoast_head_json":{"title":"Impressum &#8212; hak has fk","description":"Handelsakademie Feldkirch \u2013 Deine Zukunft beginnt hier! Die HAK Feldkirch bietet eine erstklassige wirtschaftliche Ausbildung mit modernen Schwerpunkten wie Digital Business, JusHAK und futureHAK.","robots":{"index":"index","follow":"follow","max-snippet":"max-snippet:-1","max-image-preview":"max-image-preview:large","max-video-preview":"max-video-preview:-1"},"canonical":"https:\/\/hak-feldkirch.at\/cms\/impressum\/","og_locale":"de_DE","og_type":"article","og_title":"Impressum &#8212; hak has fk","og_description":"Handelsakademie Feldkirch \u2013 Deine Zukunft beginnt hier! Die HAK Feldkirch bietet eine erstklassige wirtschaftliche Ausbildung mit modernen Schwerpunkten wie Digital Business, JusHAK und futureHAK.","og_url":"https:\/\/hak-feldkirch.at\/cms\/impressum\/","og_site_name":"hak has fk","article_publisher":"https:\/\/www.facebook.com\/hakhasfeldkirch","article_modified_time":"2025-06-02T15:55:16+00:00","og_image":[{"width":1024,"height":557,"url":"https:\/\/hak-feldkirch.at\/cms\/wp-content\/uploads\/2025\/05\/header-1024x557.png","type":"image\/png"}],"twitter_card":"summary_large_image","twitter_misc":{"Gesch\u00e4tzte Lesezeit":"1 Minute"},"schema":{"@context":"https:\/\/schema.org","@graph":[{"@type":"WebPage","@id":"https:\/\/hak-feldkirch.at\/cms\/impressum\/","url":"https:\/\/hak-feldkirch.at\/cms\/impressum\/","name":"Impressum &#8212; hak has fk","isPartOf":{"@id":"https:\/\/hak-feldkirch.at\/cms\/#website"},"datePublished":"2025-05-23T06:56:54+00:00","dateModified":"2025-06-02T15:55:16+00:00","description":"Handelsakademie Feldkirch \u2013 Deine Zukunft beginnt hier! Die HAK Feldkirch bietet eine erstklassige wirtschaftliche Ausbildung mit modernen Schwerpunkten wie Digital Business, JusHAK und futureHAK.","breadcrumb":{"@id":"https:\/\/hak-feldkirch.at\/cms\/impressum\/#breadcrumb"},"inLanguage":"de-AT","potentialAction":[{"@type":"ReadAction","target":["https:\/\/hak-feldkirch.at\/cms\/impressum\/"]}]},{"@type":"BreadcrumbList","@id":"https:\/\/hak-feldkirch.at\/cms\/impressum\/#breadcrumb","itemListElement":[{"@type":"ListItem","position":1,"name":"Startseite","item":"https:\/\/hak-feldkirch.at\/cms\/"},{"@type":"ListItem","position":2,"name":"Impressum"}]},{"@type":"WebSite","@id":"https:\/\/hak-feldkirch.at\/cms\/#website","url":"https:\/\/hak-feldkirch.at\/cms\/","name":"Handesakademie Feldkirch","description":"Wirtschaftskompetenz. Zukunftsperspektiven. Erfolgsgeschichten.","publisher":{"@id":"https:\/\/hak-feldkirch.at\/cms\/#organization"},"alternateName":"hak has fk","potentialAction":[{"@type":"SearchAction","target":{"@type":"EntryPoint","urlTemplate":"https:\/\/hak-feldkirch.at\/cms\/?s={search_term_string}"},"query-input":{"@type":"PropertyValueSpecification","valueRequired":true,"valueName":"search_term_string"}}],"inLanguage":"de-AT"},{"@type":"Organization","@id":"https:\/\/hak-feldkirch.at\/cms\/#organization","name":"hak has fk","alternateName":"HAK Feldkirch","url":"https:\/\/hak-feldkirch.at\/cms\/","logo":{"@type":"ImageObject","inLanguage":"de-AT","@id":"https:\/\/hak-feldkirch.at\/cms\/#\/schema\/logo\/image\/","url":"https:\/\/hak-feldkirch.at\/cms\/wp-content\/uploads\/2025\/05\/HAK_FC__green.svg","contentUrl":"https:\/\/hak-feldkirch.at\/cms\/wp-content\/uploads\/2025\/05\/HAK_FC__green.svg","width":612,"height":792,"caption":"hak has fk"},"image":{"@id":"https:\/\/hak-feldkirch.at\/cms\/#\/schema\/logo\/image\/"},"sameAs":["https:\/\/www.facebook.com\/hakhasfeldkirch","https:\/\/www.instagram.com\/hakhasfk","https:\/\/www.tiktok.com\/@hakhasfk"]}]}},"_links":{"self":[{"href":"https:\/\/hak-feldkirch.at\/cms\/wp-json\/wp\/v2\/pages\/1343","targetHints":{"allow":["GET"]}}],"collection":[{"href":"https:\/\/hak-feldkirch.at\/cms\/wp-json\/wp\/v2\/pages"}],"about":[{"href":"https:\/\/hak-feldkirch.at\/cms\/wp-json\/wp\/v2\/types\/page"}],"author":[{"embeddable":true,"href":"https:\/\/hak-feldkirch.at\/cms\/wp-json\/wp\/v2\/users\/1"}],"replies":[{"embeddable":true,"href":"https:\/\/hak-feldkirch.at\/cms\/wp-json\/wp\/v2\/comments?post=1343"}],"version-history":[{"count":10,"href":"https:\/\/hak-feldkirch.at\/cms\/wp-json\/wp\/v2\/pages\/1343\/revisions"}],"predecessor-version":[{"id":1644,"href":"https:\/\/hak-feldkirch.at\/cms\/wp-json\/wp\/v2\/pages\/1343\/revisions\/1644"}],"wp:attachment":[{"href":"https:\/\/hak-feldkirch.at\/cms\/wp-json\/wp\/v2\/media?parent=1343"}],"curies":[{"name":"wp","href":"https:\/\/api.w.org\/{rel}","templated":true}]}}